{"id":877,"date":"2018-08-02T11:22:33","date_gmt":"2018-08-02T15:22:33","guid":{"rendered":"http:\/\/hsczt333.mywhc.ca\/product\/mapple-champagne\/"},"modified":"2023-03-25T20:13:34","modified_gmt":"2023-03-26T00:13:34","slug":"mapple-champagne","status":"publish","type":"product","link":"https:\/\/montroyalhardwood.com\/fr\/produit\/mapple-champagne\/","title":{"rendered":"\u00c9rable | Champagne | C\u00f4ti\u00e8re \u2022 Vignoble (Husky)"},"content":{"rendered":"","protected":false},"excerpt":{"rendered":"","protected":false},"featured_media":613,"template":"","meta":[],"product_cat":[92,97,94,88,86,99,85,100],"product_tag":[],"acf":[],"_links":{"self":[{"href":"https:\/\/montroyalhardwood.com\/fr\/wp-json\/wp\/v2\/product\/877"}],"collection":[{"href":"https:\/\/montroyalhardwood.com\/fr\/wp-json\/wp\/v2\/product"}],"about":[{"href":"https:\/\/montroyalhardwood.com\/fr\/wp-json\/wp\/v2\/types\/product"}],"wp:featuredmedia":[{"embeddable":true,"href":"https:\/\/montroyalhardwood.com\/fr\/wp-json\/wp\/v2\/media\/613"}],"wp:attachment":[{"href":"https:\/\/montroyalhardwood.com\/fr\/wp-json\/wp\/v2\/media?parent=877"}],"wp:term":[{"taxonomy":"product_cat","embeddable":true,"href":"https:\/\/montroyalhardwood.com\/fr\/wp-json\/wp\/v2\/product_cat?post=877"},{"taxonomy":"product_tag","embeddable":true,"href":"https:\/\/montroyalhardwood.com\/fr\/wp-json\/wp\/v2\/product_tag?post=877"}],"curies":[{"name":"wp","href":"https:\/\/api.w.org\/{rel}","templated":true}]}}