{"id":875,"date":"2018-08-02T12:51:06","date_gmt":"2018-08-02T16:51:06","guid":{"rendered":"http:\/\/hsczt333.mywhc.ca\/product\/mapple-claret\/"},"modified":"2023-03-25T20:07:38","modified_gmt":"2023-03-26T00:07:38","slug":"mapple-claret","status":"publish","type":"product","link":"https:\/\/montroyalhardwood.com\/fr\/produit\/mapple-claret\/","title":{"rendered":"\u00c9rable | Claret | C\u00f4ti\u00e8re \u2022 Vignoble (Husky)"},"content":{"rendered":"","protected":false},"excerpt":{"rendered":"","protected":false},"featured_media":615,"template":"","meta":[],"product_cat":[92,97,88,94,86,99,85,100],"product_tag":[],"acf":[],"_links":{"self":[{"href":"https:\/\/montroyalhardwood.com\/fr\/wp-json\/wp\/v2\/product\/875"}],"collection":[{"href":"https:\/\/montroyalhardwood.com\/fr\/wp-json\/wp\/v2\/product"}],"about":[{"href":"https:\/\/montroyalhardwood.com\/fr\/wp-json\/wp\/v2\/types\/product"}],"wp:featuredmedia":[{"embeddable":true,"href":"https:\/\/montroyalhardwood.com\/fr\/wp-json\/wp\/v2\/media\/615"}],"wp:attachment":[{"href":"https:\/\/montroyalhardwood.com\/fr\/wp-json\/wp\/v2\/media?parent=875"}],"wp:term":[{"taxonomy":"product_cat","embeddable":true,"href":"https:\/\/montroyalhardwood.com\/fr\/wp-json\/wp\/v2\/product_cat?post=875"},{"taxonomy":"product_tag","embeddable":true,"href":"https:\/\/montroyalhardwood.com\/fr\/wp-json\/wp\/v2\/product_tag?post=875"}],"curies":[{"name":"wp","href":"https:\/\/api.w.org\/{rel}","templated":true}]}}