{"id":869,"date":"2018-08-26T15:19:47","date_gmt":"2018-08-26T19:19:47","guid":{"rendered":"http:\/\/hsczt333.mywhc.ca\/product\/red-oak-beaujolais\/"},"modified":"2023-03-25T19:46:00","modified_gmt":"2023-03-25T23:46:00","slug":"red-oak-beaujolais","status":"publish","type":"product","link":"https:\/\/montroyalhardwood.com\/fr\/produit\/red-oak-beaujolais\/","title":{"rendered":"Ch\u00eane rouge | Beaujolais | C\u00f4ti\u00e8re \u2022 Vignoble (Husky)"},"content":{"rendered":"","protected":false},"excerpt":{"rendered":"","protected":false},"featured_media":621,"template":"","meta":[],"product_cat":[92,97,94,88,86,99,85,100],"product_tag":[],"acf":[],"_links":{"self":[{"href":"https:\/\/montroyalhardwood.com\/fr\/wp-json\/wp\/v2\/product\/869"}],"collection":[{"href":"https:\/\/montroyalhardwood.com\/fr\/wp-json\/wp\/v2\/product"}],"about":[{"href":"https:\/\/montroyalhardwood.com\/fr\/wp-json\/wp\/v2\/types\/product"}],"wp:featuredmedia":[{"embeddable":true,"href":"https:\/\/montroyalhardwood.com\/fr\/wp-json\/wp\/v2\/media\/621"}],"wp:attachment":[{"href":"https:\/\/montroyalhardwood.com\/fr\/wp-json\/wp\/v2\/media?parent=869"}],"wp:term":[{"taxonomy":"product_cat","embeddable":true,"href":"https:\/\/montroyalhardwood.com\/fr\/wp-json\/wp\/v2\/product_cat?post=869"},{"taxonomy":"product_tag","embeddable":true,"href":"https:\/\/montroyalhardwood.com\/fr\/wp-json\/wp\/v2\/product_tag?post=869"}],"curies":[{"name":"wp","href":"https:\/\/api.w.org\/{rel}","templated":true}]}}