{"id":867,"date":"2018-08-26T15:31:06","date_gmt":"2018-08-26T19:31:06","guid":{"rendered":"http:\/\/hsczt333.mywhc.ca\/product\/maple-chateau-lachute\/"},"modified":"2023-03-25T19:39:50","modified_gmt":"2023-03-25T23:39:50","slug":"maple-chateau-lachute","status":"publish","type":"product","link":"https:\/\/montroyalhardwood.com\/fr\/produit\/maple-chateau-lachute\/","title":{"rendered":"\u00c9rable | Ch\u00e2teau-Lachute | C\u00f4ti\u00e8re \u2022 Vignoble (Husky)"},"content":{"rendered":"","protected":false},"excerpt":{"rendered":"","protected":false},"featured_media":623,"template":"","meta":[],"product_cat":[92,97,94,88,86,99,85,100],"product_tag":[],"acf":[],"_links":{"self":[{"href":"https:\/\/montroyalhardwood.com\/fr\/wp-json\/wp\/v2\/product\/867"}],"collection":[{"href":"https:\/\/montroyalhardwood.com\/fr\/wp-json\/wp\/v2\/product"}],"about":[{"href":"https:\/\/montroyalhardwood.com\/fr\/wp-json\/wp\/v2\/types\/product"}],"wp:featuredmedia":[{"embeddable":true,"href":"https:\/\/montroyalhardwood.com\/fr\/wp-json\/wp\/v2\/media\/623"}],"wp:attachment":[{"href":"https:\/\/montroyalhardwood.com\/fr\/wp-json\/wp\/v2\/media?parent=867"}],"wp:term":[{"taxonomy":"product_cat","embeddable":true,"href":"https:\/\/montroyalhardwood.com\/fr\/wp-json\/wp\/v2\/product_cat?post=867"},{"taxonomy":"product_tag","embeddable":true,"href":"https:\/\/montroyalhardwood.com\/fr\/wp-json\/wp\/v2\/product_tag?post=867"}],"curies":[{"name":"wp","href":"https:\/\/api.w.org\/{rel}","templated":true}]}}