{"id":864,"date":"2018-08-26T15:48:52","date_gmt":"2018-08-26T19:48:52","guid":{"rendered":"http:\/\/hsczt333.mywhc.ca\/product\/maple-ripasso\/"},"modified":"2023-03-25T19:31:15","modified_gmt":"2023-03-25T23:31:15","slug":"maple-ripasso","status":"publish","type":"product","link":"https:\/\/montroyalhardwood.com\/fr\/produit\/maple-ripasso\/","title":{"rendered":"\u00c9rable | Ripasso | C\u00f4ti\u00e8re \u2022 Vignoble (Husky)"},"content":{"rendered":"","protected":false},"excerpt":{"rendered":"","protected":false},"featured_media":626,"template":"","meta":[],"product_cat":[92,97,88,94,86,99,85,100],"product_tag":[],"acf":[],"_links":{"self":[{"href":"https:\/\/montroyalhardwood.com\/fr\/wp-json\/wp\/v2\/product\/864"}],"collection":[{"href":"https:\/\/montroyalhardwood.com\/fr\/wp-json\/wp\/v2\/product"}],"about":[{"href":"https:\/\/montroyalhardwood.com\/fr\/wp-json\/wp\/v2\/types\/product"}],"wp:featuredmedia":[{"embeddable":true,"href":"https:\/\/montroyalhardwood.com\/fr\/wp-json\/wp\/v2\/media\/626"}],"wp:attachment":[{"href":"https:\/\/montroyalhardwood.com\/fr\/wp-json\/wp\/v2\/media?parent=864"}],"wp:term":[{"taxonomy":"product_cat","embeddable":true,"href":"https:\/\/montroyalhardwood.com\/fr\/wp-json\/wp\/v2\/product_cat?post=864"},{"taxonomy":"product_tag","embeddable":true,"href":"https:\/\/montroyalhardwood.com\/fr\/wp-json\/wp\/v2\/product_tag?post=864"}],"curies":[{"name":"wp","href":"https:\/\/api.w.org\/{rel}","templated":true}]}}