{"id":760,"date":"2018-07-10T21:37:24","date_gmt":"2018-07-11T01:37:24","guid":{"rendered":"http:\/\/hsczt333.mywhc.ca\/who-we-are\/"},"modified":"2023-03-17T14:03:41","modified_gmt":"2023-03-17T18:03:41","slug":"who-we-are","status":"publish","type":"page","link":"https:\/\/montroyalhardwood.com\/fr\/who-we-are\/","title":{"rendered":"QUI NOUS SOMMES"},"content":{"rendered":"<p>Bois Franc Mont-Royal est une entreprise canadienne de fabrication de bois franc, situ\u00e9e sur la Rive-Sud de Montr\u00e9al depuis 1997, et sp\u00e9cialis\u00e9e dans les planchers de bois de luxe faits sur mesure. Avec plus de 15 ans d&rsquo;exp\u00e9rience, nous avons d\u00e9j\u00e0 produit plus de 75 millions de pieds carr\u00e9s de planchers de bois franc \u00e0 ce jour.<br \/>\nNos employ\u00e9s comp\u00e9tents ainsi que la r\u00e9gularit\u00e9 de notre production vous assurent des plus hauts standards de qualit\u00e9. Notre \u00e9quipe peut s&rsquo;adapter \u00e0 toutes les situations ce qui lui permet de demeurer en mode \u00e9volution afin de r\u00e9pondre aux exigences et \u00e0 la croissance du march\u00e9.<\/p>\n<h3>Notre vision<\/h3>\n<p>Chez Bois Franc Mont-Royal, nous n&rsquo;avons qu&rsquo;un seul but : fabriquer le meilleur plancher de bois franc pour votre confort et votre satisfaction. Un plancher de bois franc est un \u00e9l\u00e9ment d\u00e9coratif pouvant durer de nombreuses ann\u00e9es. C&rsquo;est pourquoi notre \u00e9quipe d&rsquo;experts d\u00e9vou\u00e9s fabrique avec minutie, des planchers de bois franc de qualit\u00e9 sup\u00e9rieure, dignes de votre maison.<\/p>\n<h3>Notre mission<\/h3>\n<p>Notre mission est de satisfaire la client\u00e8le avec des produits de qualit\u00e9 qui r\u00e9pondent \u00e0 leurs besoins et \u00e0 leurs go\u00fbts et ce, au meilleur prix possible. Pour ce faire, nous nous entourons d\u2019experts chevronn\u00e9s qui apportent le plus grand soin \u00e0 toutes les \u00e9tapes de la production afin d&rsquo;obtenir la meilleure qualit\u00e9 et le produit le plus homog\u00e8ne possible. Tout ceci afin d\u2019assurer l&rsquo;uniformit\u00e9, la stabilit\u00e9 et la long\u00e9vit\u00e9 de votre plancher. Une qualit\u00e9 sup\u00e9rieure pour votre bien-\u00eatre et pour vous offrir la tranquillit\u00e9 d&rsquo;esprit dans un d\u00e9cor de r\u00eave.<\/p>\n","protected":false},"excerpt":{"rendered":"<p>Bois Franc Mont-Royal est une entreprise canadienne de fabrication de bois franc, situ\u00e9e sur la Rive-Sud de Montr\u00e9al depuis 1997, et sp\u00e9cialis\u00e9e dans les planchers de bois de luxe faits sur mesure. Avec plus de 15 ans d&rsquo;exp\u00e9rience, nous avons d\u00e9j\u00e0 produit plus de 75 millions de pieds carr\u00e9s de planchers de bois franc \u00e0 [&hellip;]<\/p>\n","protected":false},"author":1,"featured_media":725,"parent":0,"menu_order":0,"comment_status":"closed","ping_status":"closed","template":"","meta":[],"acf":[],"_links":{"self":[{"href":"https:\/\/montroyalhardwood.com\/fr\/wp-json\/wp\/v2\/pages\/760"}],"collection":[{"href":"https:\/\/montroyalhardwood.com\/fr\/wp-json\/wp\/v2\/pages"}],"about":[{"href":"https:\/\/montroyalhardwood.com\/fr\/wp-json\/wp\/v2\/types\/page"}],"author":[{"embeddable":true,"href":"https:\/\/montroyalhardwood.com\/fr\/wp-json\/wp\/v2\/users\/1"}],"replies":[{"embeddable":true,"href":"https:\/\/montroyalhardwood.com\/fr\/wp-json\/wp\/v2\/comments?post=760"}],"version-history":[{"count":2,"href":"https:\/\/montroyalhardwood.com\/fr\/wp-json\/wp\/v2\/pages\/760\/revisions"}],"predecessor-version":[{"id":762,"href":"https:\/\/montroyalhardwood.com\/fr\/wp-json\/wp\/v2\/pages\/760\/revisions\/762"}],"wp:featuredmedia":[{"embeddable":true,"href":"https:\/\/montroyalhardwood.com\/fr\/wp-json\/wp\/v2\/media\/725"}],"wp:attachment":[{"href":"https:\/\/montroyalhardwood.com\/fr\/wp-json\/wp\/v2\/media?parent=760"}],"curies":[{"name":"wp","href":"https:\/\/api.w.org\/{rel}","templated":true}]}}