{"id":874,"date":"2018-08-02T12:55:29","date_gmt":"2018-08-02T16:55:29","guid":{"rendered":"http:\/\/hsczt333.mywhc.ca\/product\/mapple-saint-emilion\/"},"modified":"2023-03-25T20:04:09","modified_gmt":"2023-03-26T00:04:09","slug":"mapple-saint-emilion","status":"publish","type":"product","link":"http:\/\/montroyalhardwood.com\/fr\/produit\/mapple-saint-emilion\/","title":{"rendered":"\u00c9rable | Saint-\u00c9milion | C\u00f4ti\u00e8re \u2022 Vignoble (Husky)"},"content":{"rendered":"","protected":false},"excerpt":{"rendered":"","protected":false},"featured_media":616,"template":"","meta":[],"product_cat":[92,97,88,94,86,99,85,100],"product_tag":[],"acf":[],"_links":{"self":[{"href":"http:\/\/montroyalhardwood.com\/fr\/wp-json\/wp\/v2\/product\/874"}],"collection":[{"href":"http:\/\/montroyalhardwood.com\/fr\/wp-json\/wp\/v2\/product"}],"about":[{"href":"http:\/\/montroyalhardwood.com\/fr\/wp-json\/wp\/v2\/types\/product"}],"wp:featuredmedia":[{"embeddable":true,"href":"http:\/\/montroyalhardwood.com\/fr\/wp-json\/wp\/v2\/media\/616"}],"wp:attachment":[{"href":"http:\/\/montroyalhardwood.com\/fr\/wp-json\/wp\/v2\/media?parent=874"}],"wp:term":[{"taxonomy":"product_cat","embeddable":true,"href":"http:\/\/montroyalhardwood.com\/fr\/wp-json\/wp\/v2\/product_cat?post=874"},{"taxonomy":"product_tag","embeddable":true,"href":"http:\/\/montroyalhardwood.com\/fr\/wp-json\/wp\/v2\/product_tag?post=874"}],"curies":[{"name":"wp","href":"https:\/\/api.w.org\/{rel}","templated":true}]}}