{"id":871,"date":"2018-08-02T13:36:23","date_gmt":"2018-08-02T17:36:23","guid":{"rendered":"http:\/\/hsczt333.mywhc.ca\/product\/red-oak-nappa\/"},"modified":"2023-03-25T19:51:06","modified_gmt":"2023-03-25T23:51:06","slug":"red-oak-nappa","status":"publish","type":"product","link":"http:\/\/montroyalhardwood.com\/fr\/produit\/red-oak-nappa\/","title":{"rendered":"Ch\u00eane rouge | Nappa | C\u00f4ti\u00e8re \u2022 Vignoble (Husky)"},"content":{"rendered":"","protected":false},"excerpt":{"rendered":"","protected":false},"featured_media":619,"template":"","meta":[],"product_cat":[92,97,88,94,86,99,85,100],"product_tag":[],"acf":[],"_links":{"self":[{"href":"http:\/\/montroyalhardwood.com\/fr\/wp-json\/wp\/v2\/product\/871"}],"collection":[{"href":"http:\/\/montroyalhardwood.com\/fr\/wp-json\/wp\/v2\/product"}],"about":[{"href":"http:\/\/montroyalhardwood.com\/fr\/wp-json\/wp\/v2\/types\/product"}],"wp:featuredmedia":[{"embeddable":true,"href":"http:\/\/montroyalhardwood.com\/fr\/wp-json\/wp\/v2\/media\/619"}],"wp:attachment":[{"href":"http:\/\/montroyalhardwood.com\/fr\/wp-json\/wp\/v2\/media?parent=871"}],"wp:term":[{"taxonomy":"product_cat","embeddable":true,"href":"http:\/\/montroyalhardwood.com\/fr\/wp-json\/wp\/v2\/product_cat?post=871"},{"taxonomy":"product_tag","embeddable":true,"href":"http:\/\/montroyalhardwood.com\/fr\/wp-json\/wp\/v2\/product_tag?post=871"}],"curies":[{"name":"wp","href":"https:\/\/api.w.org\/{rel}","templated":true}]}}