{"id":870,"date":"2018-08-26T15:13:49","date_gmt":"2018-08-26T19:13:49","guid":{"rendered":"http:\/\/hsczt333.mywhc.ca\/product\/red-oak-sauvignon-2\/"},"modified":"2023-03-25T19:48:18","modified_gmt":"2023-03-25T23:48:18","slug":"red-oak-sauvignon-2","status":"publish","type":"product","link":"http:\/\/montroyalhardwood.com\/fr\/produit\/red-oak-sauvignon-2\/","title":{"rendered":"Ch\u00eane rouge | Sauvignon | C\u00f4ti\u00e8re \u2022 Vignoble (Husky)"},"content":{"rendered":"","protected":false},"excerpt":{"rendered":"","protected":false},"featured_media":620,"template":"","meta":[],"product_cat":[92,97,88,94,86,99,85,100],"product_tag":[],"acf":[],"_links":{"self":[{"href":"http:\/\/montroyalhardwood.com\/fr\/wp-json\/wp\/v2\/product\/870"}],"collection":[{"href":"http:\/\/montroyalhardwood.com\/fr\/wp-json\/wp\/v2\/product"}],"about":[{"href":"http:\/\/montroyalhardwood.com\/fr\/wp-json\/wp\/v2\/types\/product"}],"wp:featuredmedia":[{"embeddable":true,"href":"http:\/\/montroyalhardwood.com\/fr\/wp-json\/wp\/v2\/media\/620"}],"wp:attachment":[{"href":"http:\/\/montroyalhardwood.com\/fr\/wp-json\/wp\/v2\/media?parent=870"}],"wp:term":[{"taxonomy":"product_cat","embeddable":true,"href":"http:\/\/montroyalhardwood.com\/fr\/wp-json\/wp\/v2\/product_cat?post=870"},{"taxonomy":"product_tag","embeddable":true,"href":"http:\/\/montroyalhardwood.com\/fr\/wp-json\/wp\/v2\/product_tag?post=870"}],"curies":[{"name":"wp","href":"https:\/\/api.w.org\/{rel}","templated":true}]}}