{"id":868,"date":"2018-08-26T15:23:40","date_gmt":"2018-08-26T19:23:40","guid":{"rendered":"http:\/\/hsczt333.mywhc.ca\/product\/red-oak-provence-2\/"},"modified":"2023-03-25T19:42:18","modified_gmt":"2023-03-25T23:42:18","slug":"red-oak-provence-2","status":"publish","type":"product","link":"http:\/\/montroyalhardwood.com\/fr\/produit\/red-oak-provence-2\/","title":{"rendered":"Ch\u00eane rouge | Provence | C\u00f4ti\u00e8re \u2022 Vignoble(Husky)"},"content":{"rendered":"","protected":false},"excerpt":{"rendered":"","protected":false},"featured_media":622,"template":"","meta":[],"product_cat":[92,97,94,88,86,99,85,100],"product_tag":[],"acf":[],"_links":{"self":[{"href":"http:\/\/montroyalhardwood.com\/fr\/wp-json\/wp\/v2\/product\/868"}],"collection":[{"href":"http:\/\/montroyalhardwood.com\/fr\/wp-json\/wp\/v2\/product"}],"about":[{"href":"http:\/\/montroyalhardwood.com\/fr\/wp-json\/wp\/v2\/types\/product"}],"wp:featuredmedia":[{"embeddable":true,"href":"http:\/\/montroyalhardwood.com\/fr\/wp-json\/wp\/v2\/media\/622"}],"wp:attachment":[{"href":"http:\/\/montroyalhardwood.com\/fr\/wp-json\/wp\/v2\/media?parent=868"}],"wp:term":[{"taxonomy":"product_cat","embeddable":true,"href":"http:\/\/montroyalhardwood.com\/fr\/wp-json\/wp\/v2\/product_cat?post=868"},{"taxonomy":"product_tag","embeddable":true,"href":"http:\/\/montroyalhardwood.com\/fr\/wp-json\/wp\/v2\/product_tag?post=868"}],"curies":[{"name":"wp","href":"https:\/\/api.w.org\/{rel}","templated":true}]}}