{"id":784,"date":"2022-02-09T17:21:11","date_gmt":"2022-02-09T22:21:11","guid":{"rendered":"http:\/\/hsczt333.mywhc.ca\/finish\/"},"modified":"2023-03-18T11:53:01","modified_gmt":"2023-03-18T15:53:01","slug":"finish","status":"publish","type":"page","link":"http:\/\/montroyalhardwood.com\/fr\/finish\/","title":{"rendered":"FINIS"},"content":{"rendered":"<div class=\"info-wrap\">\n<h2>CHOISIR LE BON FINI<\/h2>\n<h3 class=\"info-col1\">UN CHOIX BAS\u00c9 SUR VOS GO\u00dbTS PERSONNELS ET SUR VOTRE STYLE DE VIE<\/h3>\n<div class=\"info-col1\">\n<p>Lorsque vous choisissez le fini de votre plancher de bois franc Mont-Royal, posez-vous les questions suivantes et lisez bien ce qui suit<br \/>\nafin de choisir le degr\u00e9 de brillance et l\u2019aspect de nos finis qui vous conviennent le mieux. <\/p>\n<div style=\"font-size: 24px; margin-bottom: 20px;\">Quel degr\u00e9 de brillance est plus agr\u00e9able \u00e0 votre \u0153il?<br \/>\nVotre nouveau plancher sera-t-il dans une zone ou la circulation est plus intense?<br \/>\nAvez-vous un chien de grosse taille et plut\u00f4t enjou\u00e9 et dont les griffes risquent de marquer et de bosseler votre nouveau plancher?<br \/>\nAvez-vous de jeunes enfants actifs dans la maison?<br \/>\nAvez-vous la volont\u00e9 et la capacit\u00e9 de nettoyer r\u00e9guli\u00e8rement votre plancher?<br \/>\nRecherchez-vous un plancher n\u00e9cessitant peu d\u2019entretien?<\/div>\n<\/div>\n<div class=\"info-col2 info-gutter\">\n<h3>Semi-lustre <span class=\"h3except\">( 50% de brillance) Beaut\u00e9 standard<\/span><\/h3>\n<p>Le semi-lustre est notre fini standard et demeure le choix le plus populaire parmi les consommateurs car sa limpidit\u00e9 et sa brillance accentuent la beaut\u00e9 du bois en donnant aux teintes et au grain une allure plut\u00f4t humide qui le met en valeur. Un entretien r\u00e9gulier et opportun est souhaitable afin de pr\u00e9server la beaut\u00e9 du bois, et dans le cadre d\u2019un environnement familial quotidien avec une circulation normale. Id\u00e9alement, notre fini semi-lustre se pr\u00eate mieux dans les zones de circulation faible \u00e0 moyenne. <\/p>\n<\/div>\n<div class=\"info-col2 \">\n<h3>Satin <span class=\"h3except\">(30 % de brillance) Soyeux et lisse<\/span><\/h3>\n<p>Pour les consommateurs qui pr\u00e9f\u00e8rent un peu de brillance mais qui recherchent des performances accrues. Notre fini satin est plus brillant que notre fini Mat I Huile-FX (HUSKY), mais moins que notre fini semi-brillant. Le fini satin n\u00e9cessite le m\u00eame entretien que le fini semi-brillant, mais il dissimule mieux la poussi\u00e8re, les \u00e9gratignures et les marques qu\u2019un fini plus brillant. Le fini satin est indiqu\u00e9 pour les pi\u00e8ces \u00e0 circulation moyenne \u00e0 \u00e9lev\u00e9e et constitue un compromis int\u00e9ressant pour ceux qui souhaitent des performances accrues mais avec un aspect visuel plus marqu\u00e9 qu\u2019un plancher au fini mat. <\/p>\n<\/div>\n<div class=\"info-col2 info-gutter\">\n<h3>Mat | Huile-FX (Husky) fini mat <span class=\"h3except\">(10% de brillance) \u2013 Pratique et beau<\/span><\/h3>\n<p>Notre fini mat est un produit issu d\u2019une avanc\u00e9e technologique et propose une alternative au plancher traditionnellement fini \u00e0 l\u2019huile, en offrant un charme naturel \u00e0 l\u2019aspect vieilli. Il s\u2019agit d\u2019une fini haute performante et pratique pour les familles actives, les propri\u00e9taires d\u2019animaux et ceux qui pr\u00e9f\u00e8rent l\u2019aspect naturel d\u2019un plancher huil\u00e9, sans les tracas de l\u2019entretien associ\u00e9 aux plancher finis \u00e0 l\u2019huile. Contrairement \u00e0 l\u2019huile naturelle ou synth\u00e9tique, notre fini mat est un produit \u00e0 base de polyur\u00e9thane qui est aussi facile \u00e0 entretenir que tous nos autres finis et en utilisant le m\u00eame nettoyant en vaporisateur et la m\u00eame vadrouille. Vous n\u2019avez jamais \u00e0 appliquer de l\u2019huile ou autre chose. Au-del\u00e0 de la beaut\u00e9 de son aspect huil\u00e9 naturel, il pr\u00e9sente l\u2019avantage de ne pas refl\u00e9ter la lumi\u00e8re, ce qui permet de dissimuler la poussi\u00e8re, les \u00e9gratignures et les marques mieux que tous les autres finis. <\/p>\n<\/div>\n<div class=\"info-col2\">\n<h3>Mat | Huile-FX (Husky) fini textur\u00e9<span class=\"h3except\"> (10% de brillance) \u2013 Durabilit\u00e9 exceptionnelle <\/span><\/h3>\n<p>Ce fini n\u2019est offert que sur les bois d\u2019\u00e9rable et de bouleau. Ces planchers ont une l\u00e9g\u00e8re texture lin\u00e9aire ajout\u00e9e \u00e0 chaque latte avant d\u2019\u00eatre teinte et de recevoir notre fini mat. Le r\u00e9sultat final offre un effet 3D qui ne suit pas le grain du bois mais produit plut\u00f4t un subtil effet lin\u00e9aire car la teinture appliqu\u00e9e est l\u00e9g\u00e8rement plus fonc\u00e9e dans les zones textur\u00e9es. L\u2019ajout d\u2019un fini textur\u00e9 aux atouts d\u00e9j\u00e0 pr\u00e9sents de notre fini mat accroit la capacit\u00e9 du plancher \u00e0 camoufler davantage la poussi\u00e8re, les rayures et les marques. Ce fini est recommand\u00e9 pour les planchers dans des zones commerciales \u00e0 circulation l\u00e9g\u00e8re, les familles actives, les propri\u00e9taires d\u2019animaux de grande taille et enfin tous ceux qui pr\u00e9f\u00e8rent cet aspect unique. <\/p>\n<\/div>\n<div class=\"info-col1\">\n<h3>Mat | Huile-FX (Husky) fini bross\u00e9 au fil<span class=\"h3except\"> (10% de brillance) \u2013 Beaut\u00e9 et avantages suppl\u00e9mentaires<\/span><\/h3>\n<p>Ce fini offre toutes les caract\u00e9ristiques et tous les avantages de notre fini mat, mais avec quelques attributs de plus. Moyennant un l\u00e9ger suppl\u00e9ment et offert uniquement avec le bois de ch\u00eane, nous ajoutons un brossage au fil m\u00e9tallique qui donne au plancher une allure et une sensation tridimensionnelles. Avant l\u2019application de la teinture et du fini, chaque latte passe sous une puissante brosse m\u00e9tallique ce qui \u00e9limine la partie plus tendre du bois, laissant son grain plus bas que le reste de la latte. L\u2019aspect 3D qui r\u00e9sulte de ce traitement permet \u00e0 ces planchers de dissimuler la poussi\u00e8re, les \u00e9gratignures et les marques encore mieux qu\u2019avec tous nos autres produits. Nous recommandons fortement notre fini mat bross\u00e9 au fil pour les zones commerciales \u00e0 circulation l\u00e9g\u00e8re, les familles actives, les personnes ayant des animaux de grande taille et enfin ceux qui appr\u00e9cient cet aspect simplement magnifique. <\/p>\n<\/div>\n<\/div>\n","protected":false},"excerpt":{"rendered":"<p>CHOISIR LE BON FINI UN CHOIX BAS\u00c9 SUR VOS GO\u00dbTS PERSONNELS ET SUR VOTRE STYLE DE VIE Lorsque vous choisissez le fini de votre plancher de bois franc Mont-Royal, posez-vous les questions suivantes et lisez bien ce qui suit afin de choisir le degr\u00e9 de brillance et l\u2019aspect de nos finis qui vous conviennent le [&hellip;]<\/p>\n","protected":false},"author":1,"featured_media":0,"parent":0,"menu_order":0,"comment_status":"closed","ping_status":"closed","template":"","meta":[],"acf":[],"_links":{"self":[{"href":"http:\/\/montroyalhardwood.com\/fr\/wp-json\/wp\/v2\/pages\/784"}],"collection":[{"href":"http:\/\/montroyalhardwood.com\/fr\/wp-json\/wp\/v2\/pages"}],"about":[{"href":"http:\/\/montroyalhardwood.com\/fr\/wp-json\/wp\/v2\/types\/page"}],"author":[{"embeddable":true,"href":"http:\/\/montroyalhardwood.com\/fr\/wp-json\/wp\/v2\/users\/1"}],"replies":[{"embeddable":true,"href":"http:\/\/montroyalhardwood.com\/fr\/wp-json\/wp\/v2\/comments?post=784"}],"version-history":[{"count":2,"href":"http:\/\/montroyalhardwood.com\/fr\/wp-json\/wp\/v2\/pages\/784\/revisions"}],"predecessor-version":[{"id":786,"href":"http:\/\/montroyalhardwood.com\/fr\/wp-json\/wp\/v2\/pages\/784\/revisions\/786"}],"wp:attachment":[{"href":"http:\/\/montroyalhardwood.com\/fr\/wp-json\/wp\/v2\/media?parent=784"}],"curies":[{"name":"wp","href":"https:\/\/api.w.org\/{rel}","templated":true}]}}