{"id":765,"date":"2022-02-09T17:20:45","date_gmt":"2022-02-09T22:20:45","guid":{"rendered":"http:\/\/hsczt333.mywhc.ca\/specie-grade\/"},"modified":"2023-03-17T14:55:22","modified_gmt":"2023-03-17T18:55:22","slug":"specie-grade","status":"publish","type":"page","link":"http:\/\/montroyalhardwood.com\/fr\/specie-grade\/","title":{"rendered":"Essence et grade"},"content":{"rendered":"<div class=\"info-wrap\">\n<h2>Choisir la bonne essence et le bon grade<\/h2>\n<div class=\"info-col1\">Voici un aper\u00e7u des diff\u00e9rentes essences et grades que nous proposons. Chaque essence que nous proposons poss\u00e8de son propre aspect, les caract\u00e9ristiques naturelles et le grain de chacune d\u2019entre elles sont uniques. De l\u2019aspect homog\u00e8ne d\u2019un plancher en ch\u00eane rouge de grade select et meilleur \u00e0 la variation qu\u2019on retrouve dans notre plancher de grade Adirondack I Northplank (Husky), par exemple en \u00e9rable, les possibilit\u00e9s sont nombreuses et les r\u00e9sultats obtenus peuvent \u00eatres surprenants. C\u2019est une question de go\u00fbt personnel guid\u00e9 par l\u2019aspect que vous souhaitez donner \u00e0 votre maison ou \u00e0 votre lieu de travail. Chaque type de bois poss\u00e8de une duret\u00e9 relative variable (\u00e9chelle de Janka) et vous devez \u00e9galement tenir compte de vos habitudes de vie personnelles lorsque vous choisissez votre essence. Cependant, aucun bois n\u2019est \u00e0 l\u2019abri des marques ou des \u00e9gratignures. Le principe de base est que si vous poss\u00e9dez de gros animaux de compagnie et\/ou si la circulation est plus intense dans votre domicile, il suffit de se rappeler que plus le bois est dur, mieux c\u2019est.<\/div>\n<div class=\"info-col4 info-gutter\">\n<h3>\u00c9RABLE<\/h3>\n<p><img decoding=\"async\" src=\"http:\/\/montroyalhardwood.com\/wp-content\/images\/thumbs-species-grades\/Husky-maple.jpg\" alt=\"\" width=\"100%\" \/><\/p>\n<p>Un vrai classique! Il offre de nombreuses options de configuration et une duret\u00e9 extr\u00eame par rapport aux autres essences domestiques. L&rsquo;\u00e9rable poss\u00e8de un grain ferm\u00e9 avec une texture uniforme. Le grain est g\u00e9n\u00e9ralement droit, mais il peut parfois avoir une allure boucl\u00e9e, vagu\u00e9e ou z\u00e9br\u00e9e. L&rsquo;aubier de cet arbre est g\u00e9n\u00e9ralement blanc avec une l\u00e9g\u00e8re teinte de brun rouge\u00e2tre, et le bois de c\u0153ur est brun rouge\u00e2tre et souvent consid\u00e9rablement fonc\u00e9. Des strie min\u00e9rales noires peuvent se retrouver \u00e0 l\u2019occasion dans ce bois; si c\u2019est le cas, nous classons ces parties dans des grades inf\u00e9rieurs.<\/p>\n<p><strong>Notes sur l&rsquo;\u00e9rable :<\/strong><br \/>\nIl existe plusieurs esp\u00e8ces d&rsquo;\u00e9rable en Am\u00e9rique du Nord. L&rsquo;\u00e9rable dur, que nous utilisons exclusivement, pousse dans l&rsquo;est des \u00c9tats-Unis et au Canada. Sa s\u00e8ve est utilis\u00e9e pour produire le sirop d&rsquo;\u00e9rable. L&rsquo;\u00e9rable dur et l&rsquo;\u00e9rable noir sont des bois durs. D&rsquo;autres types comme l&rsquo;\u00e9rable argent\u00e9 et l&rsquo;\u00e9rable rouge sont beaucoup plus tendres. Certains de nos concurrents proposent des planchers en \u00e9rable sans pr\u00e9ciser qu&rsquo;ils utilisent ces essences plus tendres. Ces planchers sont beaucoup moins r\u00e9sistants aux impacts et n&rsquo;offrent pas le m\u00eame aspect \u00e9pur\u00e9 et uniforme.<br \/>\n<strong>\u00c9chelle de Janka : 1450<\/strong><\/p>\n<p>GRADES DISPONIBLES<\/p>\n<p><strong>Grades massif<\/strong><\/p>\n<p><img decoding=\"async\" src=\"http:\/\/montroyalhardwood.com\/wp-content\/images\/thumbs-species-grades\/Husky-Grade-maple-SB.jpg\" alt=\"\" width=\"100%\" \/><\/p>\n<p class=\"legende\">S\u00e9lect et Meilleur<\/p>\n<p><img decoding=\"async\" src=\"http:\/\/montroyalhardwood.com\/wp-content\/images\/thumbs-species-grades\/Husky-Grade-maple-Prestige.jpg\" alt=\"\" width=\"100%\" \/><\/p>\n<p class=\"legende\">Extra | Prestige (Husky)<\/p>\n<p><img decoding=\"async\" src=\"http:\/\/montroyalhardwood.com\/wp-content\/images\/thumbs-species-grades\/Husky-Grade-maple-Northplank.jpg\" alt=\"\" width=\"100%\" \/><\/p>\n<p class=\"legende\">Adirondack | NorthPlank (Husky)<\/p>\n<p>&nbsp;<\/p>\n<p><strong>Grades ing\u00e9nierie<\/strong><\/p>\n<p><img decoding=\"async\" src=\"http:\/\/montroyalhardwood.com\/wp-content\/images\/thumbs-species-grades\/Husky-Grade-maple-Avantage.jpg\" alt=\"\" width=\"100%\" \/><\/p>\n<p class=\"legende\">Extra | Prestige (Husky)<\/p>\n<p><img decoding=\"async\" src=\"http:\/\/montroyalhardwood.com\/wp-content\/images\/thumbs-species-grades\/Husky-Grade-maple-Character.jpg\" alt=\"\" width=\"100%\" \/><\/p>\n<p class=\"legende\">Adirondack | NorthPlank (Husky)<\/p>\n<\/div>\n<div class=\"info-col4 info-gutter\">\n<h3>CH\u00caNE ROUGE<\/h3>\n<p><img decoding=\"async\" src=\"http:\/\/montroyalhardwood.com\/wp-content\/images\/thumbs-species-grades\/Husky-redOak.jpg\" alt=\"\" width=\"100%\" \/><\/p>\n<p>Le choix de tous! Son aspect riche et son grain visuel distinctif en font un bois tr\u00e8s recherch\u00e9. Le ch\u00eane rouge a un grain uniforme en raison de sa croissance lente. L&rsquo;aubier est de couleur bl\u00e9 clair \u00e0 brun p\u00e2le avec une l\u00e9g\u00e8re teinte rouge\u00e2tre et le bois de c\u0153ur est d&rsquo;un brun plus fonc\u00e9 avec plus de rouge. L&rsquo;usure quotidienne est \u00e0 peine perceptible \u00e9tant camoufl\u00e9e par son grain ouvert et son aspect bicolore naturel.<\/p>\n<p><strong>Notes sur le ch\u00eane rouge :<\/strong><br \/>\nMore than 200 subspecies of oak are found in North America. Northern Red Oak is found in the northeastern United States and in southeastern On trouve plus de 200 sous-esp\u00e8ces de ch\u00eane en Am\u00e9rique du Nord. Le ch\u00eane rouge du Nord se trouve dans le nord-est des \u00c9tats-Unis et dans le sud-est du Canada. Cependant, en raison du climat, le ch\u00eane rouge du nord et le ch\u00eane rouge du sud sont diff\u00e9rents. Dans le nord, l&rsquo;hiver plus froid ralentit la croissance et donne un bois plus dur, plus uniforme et plus stable.<br \/>\n<strong>\u00c9chelle de Janka : 1290<\/strong><\/p>\n<p>GRADES DISPONIBLES<\/p>\n<p><strong>Grades massif<\/strong><\/p>\n<p><img decoding=\"async\" src=\"http:\/\/montroyalhardwood.com\/wp-content\/images\/thumbs-species-grades\/Husky-Grade-RedOak-SB.jpg\" alt=\"\" width=\"100%\" \/><\/p>\n<p class=\"legende\">S\u00e9lect et Meilleur<\/p>\n<p><img decoding=\"async\" src=\"http:\/\/montroyalhardwood.com\/wp-content\/images\/thumbs-species-grades\/Husky-Grade-RedOak-Prestige.jpg\" alt=\"\" width=\"100%\" \/><\/p>\n<p class=\"legende\">Extra | Prestige (Husky)<\/p>\n<p><img decoding=\"async\" src=\"http:\/\/montroyalhardwood.com\/wp-content\/images\/thumbs-species-grades\/Husky-Grade-RedOak-Northplank.jpg\" alt=\"\" width=\"100%\" \/><\/p>\n<p class=\"legende\">Adirondack | NorthPlank (Husky)<\/p>\n<p><strong>Engineered Grades<\/strong><\/p>\n<p><img decoding=\"async\" src=\"http:\/\/montroyalhardwood.com\/wp-content\/images\/thumbs-species-grades\/Husky-Grade-RedOak-Advantage.jpg\" alt=\"\" width=\"100%\" \/><\/p>\n<p class=\"legende\">Extra | Prestige (Husky)<\/p>\n<p><img decoding=\"async\" src=\"http:\/\/montroyalhardwood.com\/wp-content\/images\/thumbs-species-grades\/Husky-Grade-RedOak-Character.jpg\" alt=\"\" width=\"100%\" \/><\/p>\n<p class=\"legende\">Adirondack | NorthPlank (Husky)<\/p>\n<\/div>\n<div class=\"info-col4 info-gutter\">\n<h3>CH\u00caNE BLANC<\/h3>\n<p><img decoding=\"async\" src=\"http:\/\/montroyalhardwood.com\/wp-content\/images\/thumbs-species-grades\/Husky-whiteOak.jpg\" alt=\"\" width=\"100%\" \/><\/p>\n<p>Naturellement beau! Le grain du ch\u00eane blanc est tr\u00e8s semblable \u00e0 celui du ch\u00eane rouge. Sa couleur varie du beige clair au brun grisonnant. Il s&rsquo;agit principalement d&rsquo;un bois \u00e0 fil droit avec une texture moyenne \u00e0 grossi\u00e8re et des rayures plus longues que celles du ch\u00eane rouge; s&rsquo;il est sci\u00e9 \u00e0 la verticale, il r\u00e9v\u00e8le le bel effet de ses rayures ou de ses mouchetures.  <\/p>\n<p><strong>Notes sur le ch\u00eane blanc :<\/strong><br \/>\nLe ch\u00eane blanc pousse de fa\u00e7on assez r\u00e9pandue dans l&rsquo;est de l&rsquo;Am\u00e9rique du Nord, depuis le sud du Qu\u00e9bec et de l&rsquo;Ontario jusqu&rsquo;en G\u00e9orgie aux \u00c9tats-Unis. Cet esp\u00e8ce pr\u00e9f\u00e8re un climat doux et n&rsquo;aime pas les hivers trop rigoureux. Il est donc moins adapt\u00e9 aux climats nordiques que le ch\u00eane rouge.<br \/>\n<strong>\u00c9chelle de Janka : 1360<\/strong><\/p>\n<p>GRADES DISPONIBLES<\/p>\n<p><strong>Grades ing\u00e9nierie<\/strong><\/p>\n<p><img decoding=\"async\" src=\"http:\/\/montroyalhardwood.com\/wp-content\/\/images\/thumbs-species-grades\/Husky-Grade-WhiteOak-Avantage.jpg\" alt=\"\" width=\"100%\" \/><\/p>\n<p class=\"legende\">Extra | Prestige (Husky)<\/p>\n<p><img decoding=\"async\" src=\"http:\/\/montroyalhardwood.com\/wp-content\/images\/thumbs-species-grades\/Husky-Grade-WhiteOak-Character.jpg\" alt=\"\" width=\"100%\" \/><\/p>\n<p class=\"legende\">Adirondack | NorthPlank (Husky)<\/p>\n<\/div>\n<div class=\"info-col4\">\n<h3>MERISIER<\/h3>\n<p><img decoding=\"async\" src=\"http:\/\/montroyalhardwood.com\/wp-content\/images\/thumbs-species-grades\/Husky-Birch.jpg\" alt=\"\" width=\"100%\" \/><\/p>\n<p>Un style unique! Le bouleau jaune, surnom du merisier, a un grain ferm\u00e9 et droit ce qui lui donne un aspect relativement uniforme. Son aubier est de couleur jaune cr\u00e8me \u00e0 blanc et son bois de c\u0153ur est d\u2019un brun rouge\u00e2tre avec des nuances de rouge. Le bouleau jaune pr\u00e9sente parfois un aspect ondul\u00e9 ou vagu\u00e9 et lorsque l\u2019\u00e9clairage le permet, il prend une apparence perl\u00e9e qui le rend unique. <\/p>\n<p><strong>Notes sur le bouleau jaune :<\/strong><br \/>\nLe bouleau jaune pousse principalement au Qu\u00e9bec, mais on le retrouve \u00e9galement dans le nord-est des \u00c9tats-Unis et dans la r\u00e9gion des Grands Lacs. Le bois de c\u0153ur est souvent appel\u00e9 bouleau rouge et ne doit pas \u00eatre confondu avec une esp\u00e8ce distincte. Le bouleau jaune ressemble \u00e9norm\u00e9ment a son cousin plus tendre, le bouleau blanc, ou bouleau \u00e0 papier, que certains de nos concurrents et fabricants chinois utilisent en substitution.Les marques et les \u00e9gratignures sont beaucoup plus apparentes sur le bouleau blanc, il devient alors souhaitable de prioriser le bouleau jaune pour une plus grande duret\u00e9 et un meilleur attrait visuel.<br \/>\n<strong>\u00c9chelle de Janka : 1260<\/strong><\/p>\n<p>GRADES DISPONIBLES<\/p>\n<p><strong>Grades massif<\/strong><\/p>\n<p><img decoding=\"async\" src=\"http:\/\/montroyalhardwood.com\/wp-content\/images\/thumbs-species-grades\/Husky-Grade-Birch Prestige.jpg\" alt=\"\" width=\"100%\" \/><\/p>\n<p class=\"legende\">Extra | Prestige (Husky)<\/p>\n<p><img decoding=\"async\" src=\"http:\/\/montroyalhardwood.com\/wp-content\/images\/thumbs-species-grades\/Husky-Grade-Birch Northplank.jpg\" alt=\"\" width=\"100%\" \/><\/p>\n<p class=\"legende\">Adirondack | NorthPlank (Husky)<\/p>\n<\/div>\n<hr \/>\n<div class=\"info-col1\">\n<h3>\u00c9CHELLE DE DURET\u00c9 JANKA<\/h3>\n<p>L\u2019\u00e9chelle de duret\u00e9 Janka est d\u00e9termin\u00e9e par un test encadr\u00e9, effectu\u00e9 pour mesurer la force n\u00e9cessaire pour enfoncer une bille d\u2019acier de 0,444 pouce (11,28 mm) jusqu\u2019\u00e0 la moiti\u00e9 de son diam\u00e8tre dans le bois. Les donn\u00e9es obtenues sont exprim\u00e9es en livres. Cette proc\u00e9dure d\u2019\u00e9valuation de l\u2019industrie est con\u00e7ue pour mesurer la duret\u00e9 des diff\u00e9rentes essences de bois, afin de d\u00e9terminer si elles conviennent comme rev\u00eatement de sol et pour illustrer leur tol\u00e9rance \u00e0 l\u2019usure normale, aux d\u00e9chirures et aux bosses. <\/p>\n<div class=\"info-col2\" style=\"margin-right: 40px;\"><img decoding=\"async\" loading=\"lazy\" class=\"alignnone size-full wp-image-560\" src=\"http:\/\/montroyalhardwood.com\/wp-content\/uploads\/2023\/02\/Janka-chart.jpg\" alt=\"\" width=\"1190\" height=\"1148\" srcset=\"http:\/\/montroyalhardwood.com\/wp-content\/uploads\/2023\/02\/Janka-chart.jpg 1190w, http:\/\/montroyalhardwood.com\/wp-content\/uploads\/2023\/02\/Janka-chart-600x579.jpg 600w, http:\/\/montroyalhardwood.com\/wp-content\/uploads\/2023\/02\/Janka-chart-300x289.jpg 300w, http:\/\/montroyalhardwood.com\/wp-content\/uploads\/2023\/02\/Janka-chart-768x741.jpg 768w, http:\/\/montroyalhardwood.com\/wp-content\/uploads\/2023\/02\/Janka-chart-1024x988.jpg 1024w\" sizes=\"(max-width: 1190px) 100vw, 1190px\" \/><\/div>\n<div class=\"info-col2\">Lorsque vous choisissez vos planchers de bois franc, tenez compte de l\u2019am\u00e9nagement de votre maison ou de votre bureau et des habitudes de circulation. Si vous avez des enfants ou des animaux, un bois tr\u00e8s tendre comme le pin n\u2019est peut-\u00eatre pas souhaitable. Toutes les essences de bois situ\u00e9es en dessous de 1200 sur l\u2019\u00e9chelle de Janka devraient se bosseler ou s\u2019user plus facilement, mais elles offrent chaleur et charme en vieillissant. Les bois tr\u00e8s denses et exotiques ont toutefois la r\u00e9putation d\u2019\u00eatre exceptionnellement durs. Si ces essences peuvent pr\u00e9senter des avantages dans les maisons et les bureaux tr\u00e8s fr\u00e9quent\u00e9s, elles peuvent \u00eatre plus difficiles \u00e0 installer ou n\u00e9cessiter des milieux \u00e0 temp\u00e9rature contr\u00f4l\u00e9e. <\/div>\n<\/div>\n<\/div>\n","protected":false},"excerpt":{"rendered":"<p>Choisir la bonne essence et le bon grade Voici un aper\u00e7u des diff\u00e9rentes essences et grades que nous proposons. Chaque essence que nous proposons poss\u00e8de son propre aspect, les caract\u00e9ristiques naturelles et le grain de chacune d\u2019entre elles sont uniques. De l\u2019aspect homog\u00e8ne d\u2019un plancher en ch\u00eane rouge de grade select et meilleur \u00e0 la [&hellip;]<\/p>\n","protected":false},"author":1,"featured_media":0,"parent":0,"menu_order":0,"comment_status":"closed","ping_status":"closed","template":"","meta":[],"acf":[],"_links":{"self":[{"href":"http:\/\/montroyalhardwood.com\/fr\/wp-json\/wp\/v2\/pages\/765"}],"collection":[{"href":"http:\/\/montroyalhardwood.com\/fr\/wp-json\/wp\/v2\/pages"}],"about":[{"href":"http:\/\/montroyalhardwood.com\/fr\/wp-json\/wp\/v2\/types\/page"}],"author":[{"embeddable":true,"href":"http:\/\/montroyalhardwood.com\/fr\/wp-json\/wp\/v2\/users\/1"}],"replies":[{"embeddable":true,"href":"http:\/\/montroyalhardwood.com\/fr\/wp-json\/wp\/v2\/comments?post=765"}],"version-history":[{"count":4,"href":"http:\/\/montroyalhardwood.com\/fr\/wp-json\/wp\/v2\/pages\/765\/revisions"}],"predecessor-version":[{"id":769,"href":"http:\/\/montroyalhardwood.com\/fr\/wp-json\/wp\/v2\/pages\/765\/revisions\/769"}],"wp:attachment":[{"href":"http:\/\/montroyalhardwood.com\/fr\/wp-json\/wp\/v2\/media?parent=765"}],"curies":[{"name":"wp","href":"https:\/\/api.w.org\/{rel}","templated":true}]}}