{"id":757,"date":"2018-07-10T21:38:21","date_gmt":"2018-07-11T01:38:21","guid":{"rendered":"http:\/\/hsczt333.mywhc.ca\/why-mont-royal-flooring\/"},"modified":"2023-03-23T09:02:09","modified_gmt":"2023-03-23T13:02:09","slug":"why-mont-royal-flooring","status":"publish","type":"page","link":"http:\/\/montroyalhardwood.com\/fr\/why-mont-royal-flooring\/","title":{"rendered":"POURQUOI ACHETER UN PLANCHER MONT-ROYAL"},"content":{"rendered":"<ul>\n<li>Nous nous effor\u00e7ons d&rsquo;am\u00e9liorer les processus de production de fa\u00e7on continue, nous sommes donc \u00e0 l&rsquo;aff\u00fbt des nouveaux proc\u00e9d\u00e9s et des nouvelles technologies disponibles sur le march\u00e9.<\/li>\n<li>Nous ne s\u00e9lectionnons que des essences de bois de la plus haute qualit\u00e9 pour nos planchers. Chaque lot est inspect\u00e9 afin de garantir la qualit\u00e9 et l&rsquo;uniformit\u00e9 du bois.<\/li>\n<li>Contr\u00f4le de la qualit\u00e9 \u00e0 chaque \u00e9tape du processus de production et de finition.<\/li>\n<li>Une attention particuli\u00e8re est accord\u00e9e \u00e0 l\u2019entreposage, qui se fait dans un milieu sous contr\u00f4le, afin de pr\u00e9server l&rsquo;\u00e9tat du bois et ainsi assurer la coh\u00e9rence et la stabilit\u00e9 des lots de planchers.<\/li>\n<li>Nous proposons des planchers de bois franc massif et des planchers d&rsquo;ing\u00e9nierie, qu&rsquo;ils soient finis en usine ou non finis.<\/li>\n<li>Nous proposons plusieurs essences nordiques de ch\u00eane rouge, de ch\u00eane blanc, d&rsquo;\u00e9rable, de cerisier am\u00e9ricain et de bouleau.<\/li>\n<li>Nous proposons plusieurs largeurs allant de 2 \u00bc\u00a0\u00bb \u00e0 7&Prime;. Les longueurs sont vari\u00e9es et ont un maximum de 79&Prime;.<\/li>\n<li>Nous offrons des collections sp\u00e9ciales dans les cat\u00e9gories C\u00f4ti\u00e8re (Vignoble I Husky), Sommet, International et  Tradition, qui pr\u00e9sentent des textures particuli\u00e8res; des teintures \u00e0 deux tons et enfin des brossages, permettant de cr\u00e9er une vari\u00e9t\u00e9 d&rsquo;ambiances et pouvant s&rsquo;adapter \u00e0 tous les styles.<\/li>\n<li>La flexibilit\u00e9 de m\u00e9langer et d&rsquo;assortir l\u2019\u00e9laboration de vos planchers avec des largeurs, des grades, des couleurs, des niveaux de brillance et des textures, ce qui permet de cr\u00e9er des centaines de milliers de possibilit\u00e9s.<\/li>\n<li>Notre finition Saphir Mont-Royal contient une protection contre les taches, l&rsquo;usure et le soleil.<\/li>\n<li>Aucune \u00e9mission de COV, ce qui garantit un environnement de vie sain.<\/li>\n<li>Nos planchers d\u2019ing\u00e9nierie se composent d&rsquo;une face sci\u00e9e avec un noyau en bois dur, offrant un aspect identique \u00e0 celui d&rsquo;un plancher de bois franc, et avec une surface en bois de 4 mm qui permet le sablage 3 fois ou plus.<\/li>\n<li>Nos planchers d\u2019ing\u00e9nierie sont conformes \u00e0 la norme CARB et \u00e0 l\u2019EPA TSCA Title VI.<\/li>\n<li>Garantie limit\u00e9e de 25 ans sur les finitions r\u00e9sidentielles.<\/li>\n<\/ul>\n<p>Nous sommes convaincus que lorsque nos clients r\u00e9ussissent, nous r\u00e9ussissons aussi. Les clients et les partenaires sont en contact direct. Nous travaillons en \u00e9quipe afin de r\u00e9pondre rapidement \u00e0 toutes vos questions et afin de vous fournir toutes les informations dont vous pourriez avoir besoin sur nos produits. Soyez assur\u00e9s que nous sommes l\u00e0 pour vous et notre service accompagne de pr\u00e8s tous nos produits. Notre objectif est d\u2019\u00e9couter et de servir nos clients. Nous vous consid\u00e9rons comme un membre de notre \u00e9quipe.<br \/>\nN&rsquo;h\u00e9sitez pas \u00e0 nous contacter!<\/p>\n","protected":false},"excerpt":{"rendered":"<p>Nous nous effor\u00e7ons d&rsquo;am\u00e9liorer les processus de production de fa\u00e7on continue, nous sommes donc \u00e0 l&rsquo;aff\u00fbt des nouveaux proc\u00e9d\u00e9s et des nouvelles technologies disponibles sur le march\u00e9. Nous ne s\u00e9lectionnons que des essences de bois de la plus haute qualit\u00e9 pour nos planchers. Chaque lot est inspect\u00e9 afin de garantir la qualit\u00e9 et l&rsquo;uniformit\u00e9 du [&hellip;]<\/p>\n","protected":false},"author":1,"featured_media":726,"parent":0,"menu_order":0,"comment_status":"closed","ping_status":"closed","template":"corpo-page.php","meta":[],"acf":[],"_links":{"self":[{"href":"http:\/\/montroyalhardwood.com\/fr\/wp-json\/wp\/v2\/pages\/757"}],"collection":[{"href":"http:\/\/montroyalhardwood.com\/fr\/wp-json\/wp\/v2\/pages"}],"about":[{"href":"http:\/\/montroyalhardwood.com\/fr\/wp-json\/wp\/v2\/types\/page"}],"author":[{"embeddable":true,"href":"http:\/\/montroyalhardwood.com\/fr\/wp-json\/wp\/v2\/users\/1"}],"replies":[{"embeddable":true,"href":"http:\/\/montroyalhardwood.com\/fr\/wp-json\/wp\/v2\/comments?post=757"}],"version-history":[{"count":3,"href":"http:\/\/montroyalhardwood.com\/fr\/wp-json\/wp\/v2\/pages\/757\/revisions"}],"predecessor-version":[{"id":937,"href":"http:\/\/montroyalhardwood.com\/fr\/wp-json\/wp\/v2\/pages\/757\/revisions\/937"}],"wp:featuredmedia":[{"embeddable":true,"href":"http:\/\/montroyalhardwood.com\/fr\/wp-json\/wp\/v2\/media\/726"}],"wp:attachment":[{"href":"http:\/\/montroyalhardwood.com\/fr\/wp-json\/wp\/v2\/media?parent=757"}],"curies":[{"name":"wp","href":"https:\/\/api.w.org\/{rel}","templated":true}]}}